{"id":782,"date":"2024-01-17T11:07:21","date_gmt":"2024-01-17T11:07:21","guid":{"rendered":"https:\/\/tecseal.es\/aviso-legal\/"},"modified":"2024-05-13T15:13:36","modified_gmt":"2024-05-13T15:13:36","slug":"aviso-legal","status":"publish","type":"page","link":"https:\/\/tecseal.es\/en\/aviso-legal\/","title":{"rendered":"Legal Notice"},"content":{"rendered":"\t\t<div data-elementor-type=\"wp-page\" data-elementor-id=\"782\" class=\"elementor elementor-782 elementor-39\" data-elementor-post-type=\"page\">\n\t\t\t\t<div class=\"elementor-element elementor-element-06e82cd e-flex e-con-boxed e-con e-parent\" data-id=\"06e82cd\" data-element_type=\"container\" data-e-type=\"container\">\n\t\t\t\t\t<div class=\"e-con-inner\">\n\t\t\t\t<div class=\"elementor-element elementor-element-b9cec24 elementor-widget elementor-widget-text-editor\" data-id=\"b9cec24\" data-element_type=\"widget\" data-e-type=\"widget\" data-widget_type=\"text-editor.default\">\n\t\t\t\t<div class=\"elementor-widget-container\">\n\t\t\t\t\t\t\t\t\t<div style=\"margin-bottom: 40px;\">\n<h2>Legal Notice<\/h2>\n<p>This legal notice (hereinafter, the &#8220;Notice&#8221;) regulates the use of the tecseal.es web portal (hereinafter,<br \/>the &#8220;Portal&#8221;) that TECSEAL,S.A. (hereinafter, &#8220;TECSEAL,S.A.&#8221;) makes available to Internet users.<\/p>\n<p>The use of the Portal, including mere access, grants the condition of user (hereinafter, the &#8220;User\/s&#8221;) and implies full and unreserved acceptance of all the stipulations of this Notice that are in force at the time of access.<\/p>\n<p>Consequently, the User must read the Notice each time he\/she uses the Portal.<\/p>\n<p>The User is aware and voluntarily and expressly accepts that the use of the Portal is in any case under his\/her exclusive responsibility.<\/p>\n<\/div>\n<div style=\"margin-bottom: 40px;\">\n<h3>1. Legal information<\/h3>\n<p>The owner of the Portal is: TECSEAL,S.A.<\/p>\n<p>Our contact information is as follows:<\/p>\n<p>Identity of the person in charge: Maria Pilar G\u00f3mez<\/p>\n<p>Trade name: TECSEAL,S.A.<\/p>\n<p>CIF: A60132107<\/p>\n<p>Address: Calle Solsones, 62, 08211, Castellar del Vall\u00e8s<\/p>\n<p>Phone: 0034937312624<\/p>\n<p>E-mail: export@tecseal.es<\/p>\n<\/div>\n<div style=\"margin-bottom: 40px;\">\n<h3>2. Conditions of use<\/h3>\n<h5>2.1. Contents<\/h5>\n<p>El acceso al Portal es de car\u00e1cter gratuito y el Usuario se obliga a hacer un uso adecuado del mismo, conforme a<br \/>las condiciones de este Aviso, a la normativa vigente que resulte de aplicaci\u00f3n, la moral y el orden p\u00fablico. <span style=\"font-style: inherit; font-weight: inherit; color: var( --e-global-color-text ); text-align: var(--text-align); background-color: var(--ast-global-color-5);\">Los contenidos del Portal tienen un car\u00e1cter meramente informativo. La informaci\u00f3n incluida no constituye en <\/span><span style=\"font-style: inherit; font-weight: inherit; color: var( --e-global-color-text ); text-align: var(--text-align); background-color: var(--ast-global-color-5);\">ninguna <\/span><span style=\"font-style: inherit; font-weight: inherit; color: var( --e-global-color-text ); text-align: var(--text-align); background-color: var(--ast-global-color-5);\">caso una <\/span><span style=\"font-style: inherit; font-weight: inherit; color: var( --e-global-color-text ); text-align: var(--text-align); background-color: var(--ast-global-color-5);\">fuente de asesoramiento ni establece una relaci\u00f3n profesional ni de ning\u00fan otro tipo entre el Usuario y GRAFICAS <\/span> <span style=\"font-style: inherit; font-weight: inherit; color: var( --e-global-color-text ); text-align: var(--text-align); background-color: var(--ast-global-color-5);\">SOL\u00c1,S.L. . Su utilizaci\u00f3n es responsabilidad exclusiva del Usuario, por lo que se desaconseja <\/span><span style=\"font-style: inherit; font-weight: inherit; color: var( --e-global-color-text ); text-align: var(--text-align); background-color: var(--ast-global-color-5);\">la presa <\/span><span style=\"font-style: inherit; font-weight: inherit; color: var( --e-global-color-text ); text-align: var(--text-align); background-color: var(--ast-global-color-5);\">de decisiones a partir de la informaci\u00f3n facilitada sin contar con el adecuado asesoramiento profesional.<\/span><\/p>\n<p>TECSEAL,S.A. se reserva el derecho de modificar en cualquier momento y sin previo aviso el contenido del<br \/>Portal, su Aviso y pol\u00edtica de privacidad o cualquier otra condici\u00f3n o texto que resulte de aplicaci\u00f3n.<\/p>\n<h5>2.2. Enlaces<\/h5>\n<p>Aquellos Usuarios que deseen introducir enlaces desde otras p\u00e1ginas web hacia el Portal deben solicitar<br \/>autorizaci\u00f3n previa a TECSEAL,S.A.. En cualquier caso, estos enlaces se autorizar\u00e1n bajo las siguientes<br \/>condiciones:<\/p>\n<p>Deben dirigirse a la p\u00e1gina principal u home page del Portal sin reproducirla en forma alguna.<\/p>\n<p>Se proh\u00edbe la creaci\u00f3n de marcos o frames de cualquier tipo que permitan que el Portal sea visualizado en<br \/>trav\u00e9s de direcciones diferentes o de forma que induzca a error, confusi\u00f3n o enga\u00f1o a los usuarios respecto del origen del<br \/>contenido, implique una conducta desleal, utilice o perjudique de cualquier forma la reputaci\u00f3n e imagen del<br \/>despacho y su marca o sea contrario de cualquier forma en la normativa vigente, la moral o el orden p\u00fablico<\/p>\n<p>Se proh\u00edbe la utilizaci\u00f3n de cualquier marca o signo distintivo de TECSEAL,S.A. que no cuente con<br \/>autorizaci\u00f3n expresa de su titular.<\/p>\n<p>La existencia de este tipo de enlaces no implica en modo alguno la existencia de relaciones entre TECSEAL,S.A.,<br \/>el propietario del sitio o de la p\u00e1gina web en la que se establezca el enlace hacia el Portal, ni la aceptaci\u00f3n<br \/>o aprobaci\u00f3n de sus contenidos o servicios.<\/p>\n<p>A su vez, TECSEAL,S.A. puede introducir en el Portal enlaces que permiten a los Usuarios acceder a p\u00e1ginas web<br \/>de terceros para facilitar la navegaci\u00f3n y experiencia. En estos casos, TECSEAL,S.A. no se responsabiliza<br \/>del contenido o servicios ofrecidos por \u00e9stos ni de los da\u00f1os que puedan originarse con motivo de su consulta o<br \/>utilizaci\u00f3n.<\/p>\n<p>En cualquier caso, TECSEAL,S.A. se reserva el derecho de prohibir en cualquier momento el uso de los enlaces<br \/>previamente autorizados, entre otros, en los supuestos de actividad o contenidos il\u00edcitos de la p\u00e1gina web en la que<br \/>se incluye el enlace.<\/p>\n<\/div>\n<div style=\"margin-bottom: 40px;\">\n<h3>3. Propiedad intelectual<\/h3>\n<p>Todos los contenidos del Portal son propiedad intelectual\/industrial de TECSEAL,S.A. o de terceros que han<br \/>proporcionado las autorizaciones o licencias necesarias para su utilizaci\u00f3n. Entre otros, el nombre del dominio,<br \/>las marcas, el Portal, el c\u00f3digo fuente, y la tecnolog\u00eda asociada al mismo, los contenidos publicados,<br \/>incluyendo los dise\u00f1os, textos e im\u00e1genes.<\/p>\n<p>El Usuario no podr\u00e1 realizar una reproducci\u00f3n, transformaci\u00f3n, distribuci\u00f3n, comunicaci\u00f3n p\u00fablica, puesta en<br \/>disposici\u00f3n, extracci\u00f3n o uso, por cualquier medio o procedimiento, de los citados elementos, salvo en los casos en que est\u00e9<br \/>legalmente permitido o sea autorizado de forma expresa por TECSEAL,S.A.<\/p>\n<\/div>\n<div style=\"margin-bottom: 40px;\">\n<h3>4. Responsabilidad<\/h3>\n<h5>4.1. Contenidos<\/h5>\n<p>TECSEAL,S.A. y su personal aplicar\u00e1n los medios y esfuerzos razonables a facilitar a trav\u00e9s del Portal<br \/>informaci\u00f3n actualizada y fehaciente. Sin embargo, no se hacen responsables de los errores u omisiones de la<br \/>informaci\u00f3n o contenidos facilitados a trav\u00e9s del Portal ni de la aplicaci\u00f3n o uso concreto que pudiera hacerse de \u00e9stos.<\/p>\n<p>El acceso al Portal no implica la obligaci\u00f3n de TECSEAL,S.A. ni de su personal de comprobar la veracidad,<br \/>exactitud, idoneidad, adecuaci\u00f3n, exhaustividad y actualidad de la informaci\u00f3n y contenidos. Los contenidos<br \/>del Portal no suponen en forma alguna la prestaci\u00f3n de ning\u00fan servicio legal.<\/p>\n<p>El Usuario es el \u00fanico responsable frente a cualquier reclamaci\u00f3n o acci\u00f3n legal, judicial o extrajudicial,<br \/>iniciada por terceros contra TECSEAL,S.A. que tenga su origen en la utilizaci\u00f3n del Portal por el Usuario. En su<br \/>en caso, el Usuario asumir\u00e1 los gastos, costes e indemnizaciones originados a TECSEAL,S.A. con motivo de tales<br \/>reclamaciones o acciones legales.<\/p>\n<h5>4.2. Funcionamiento<\/h5>\n<p>TECSEAL,S.A. no se hace responsable por las interferencias, omisiones, interrupciones, virus inform\u00e1ticos o<br \/>otros elementos que puedan producir alteraciones en los sistemas del Usuario o en sus documentos o archivos<br \/>motivados por causas ajenas a TECSEAL,S.A. o en caso de haber adoptado estas medidas de seguridad<br \/>razonablemente adecuadas.<\/p>\n<p>Del mismo modo, TECSEAL,S.A. no asume la responsabilidad derivada de retrasos o bloqueos en el<br \/>funcionamiento operativo del Portal causado por deficiencias o sobrecarga en las l\u00edneas telef\u00f3nicas o en<br \/>Internet, as\u00ed como de da\u00f1os causados por terceras personas mediante intromisiones ilegitimas.<\/p>\n<p>TECSEAL,S.A. se reserva el derecho de suspender el acceso al Portal con motivo de operaciones de mantenimiento,<br \/>reparaci\u00f3n y\/o mejora.<\/p>\n<h5>4.3. Enlaces<\/h5>\n<p>TECSEAL,S.A. no se hace responsable de los contenidos y servicios de aquellas p\u00e1ginas web que puedan estar<br \/>enlazadas en el Portal m\u00e1s all\u00e1 de la responsabilidad asignada por la Ley 34\/2002, de 12 de julio, de<br \/>Servicios de la Sociedad de la Informaci\u00f3n y el Comercio Electr\u00f3nico, en la medida en que pudiera tener<br \/>conocimiento efectivo de la ilicitud de los contenidos y servicios suministrados en el portal web enlazado y no desactive el enlace con la diligencia debida.<\/p>\n<p>Si desea poner en nuestro conocimiento la existencia de un enlace hacia un sitio web con contenidos que<br \/>considera inadecuados o il\u00edcitos puede ponerse en contacto con nosotros en export@tecseal.es.<\/p>\n<\/div>\n<div style=\"margin-bottom: 40px;\">\n<h3>5. Protecci\u00f3n de datos<\/h3>\n<p>Puede acceder a la informaci\u00f3n detallada respecto al tratamiento de los datos personales que TECSEAL,S.A. lleva<br \/>a t\u00e9rmino de los Usuarios visitando nuestra Pol\u00edtica de privacidad.<\/p>\n<\/div>\n<div style=\"margin-bottom: 40px;\">\n<h3>6. Legislaci\u00f3n<\/h3>\n<p>El presente Aviso Legal se rige e interpreta, en caso de resultar necesario, por la legislaci\u00f3n com\u00fan espa\u00f1ola<br \/>y, salvo que se establezca lo contrario en la normativa aplicable, cualquier conflicto se somete por las partes a<br \/>los jueces y tribunales de la ciudad de Barcelona.<\/p>\n<\/div>\n\t\t\t\t\t\t\t\t<\/div>\n\t\t\t\t<\/div>\n\t\t\t\t\t<\/div>\n\t\t\t\t<\/div>\n\t\t\t\t<\/div>\n\t\t","protected":false},"excerpt":{"rendered":"<p>Legal Notice This legal notice (hereinafter, the &#8220;Notice&#8221;) regulates the use of the tecseal.es web portal (hereinafter,the &#8220;Portal&#8221;) that TECSEAL,S.A. [&hellip;]<\/p>\n","protected":false},"author":1,"featured_media":0,"parent":0,"menu_order":0,"comment_status":"closed","ping_status":"closed","template":"","meta":{"_acf_changed":false,"site-sidebar-layout":"no-sidebar","site-content-layout":"","ast-site-content-layout":"full-width-container","site-content-style":"default","site-sidebar-style":"default","ast-global-header-display":"","ast-banner-title-visibility":"","ast-main-header-display":"","ast-hfb-above-header-display":"","ast-hfb-below-header-display":"","ast-hfb-mobile-header-display":"","site-post-title":"disabled","ast-breadcrumbs-content":"","ast-featured-img":"disabled","footer-sml-layout":"","ast-disable-related-posts":"","theme-transparent-header-meta":"","adv-header-id-meta":"","stick-header-meta":"","header-above-stick-meta":"","header-main-stick-meta":"","header-below-stick-meta":"","astra-migrate-meta-layouts":"default","ast-page-background-enabled":"default","ast-page-background-meta":{"desktop":{"background-color":"var(--ast-global-color-4)","background-image":"","background-repeat":"repeat","background-position":"center center","background-size":"auto","background-attachment":"scroll","background-type":"","background-media":"","overlay-type":"","overlay-color":"","overlay-opacity":"","overlay-gradient":""},"tablet":{"background-color":"","background-image":"","background-repeat":"repeat","background-position":"center center","background-size":"auto","background-attachment":"scroll","background-type":"","background-media":"","overlay-type":"","overlay-color":"","overlay-opacity":"","overlay-gradient":""},"mobile":{"background-color":"","background-image":"","background-repeat":"repeat","background-position":"center center","background-size":"auto","background-attachment":"scroll","background-type":"","background-media":"","overlay-type":"","overlay-color":"","overlay-opacity":"","overlay-gradient":""}},"ast-content-background-meta":{"desktop":{"background-color":"var(--ast-global-color-5)","background-image":"","background-repeat":"repeat","background-position":"center center","background-size":"auto","background-attachment":"scroll","background-type":"","background-media":"","overlay-type":"","overlay-color":"","overlay-opacity":"","overlay-gradient":""},"tablet":{"background-color":"var(--ast-global-color-5)","background-image":"","background-repeat":"repeat","background-position":"center center","background-size":"auto","background-attachment":"scroll","background-type":"","background-media":"","overlay-type":"","overlay-color":"","overlay-opacity":"","overlay-gradient":""},"mobile":{"background-color":"var(--ast-global-color-5)","background-image":"","background-repeat":"repeat","background-position":"center center","background-size":"auto","background-attachment":"scroll","background-type":"","background-media":"","overlay-type":"","overlay-color":"","overlay-opacity":"","overlay-gradient":""}},"footnotes":""},"class_list":["post-782","page","type-page","status-publish","hentry"],"acf":[],"yoast_head":"<!-- This site is optimized with the Yoast SEO plugin v27.2 - https:\/\/yoast.com\/product\/yoast-seo-wordpress\/ -->\n<title>Legal Notice - Tecseal<\/title>\n<meta name=\"robots\" content=\"index, follow, max-snippet:-1, max-image-preview:large, max-video-preview:-1\" \/>\n<link rel=\"canonical\" href=\"https:\/\/tecseal.es\/en\/aviso-legal\/\" \/>\n<meta property=\"og:locale\" content=\"en_US\" \/>\n<meta property=\"og:type\" content=\"article\" \/>\n<meta property=\"og:title\" content=\"Legal Notice - Tecseal\" \/>\n<meta property=\"og:description\" content=\"Legal Notice This legal notice (hereinafter, the &#8220;Notice&#8221;) regulates the use of the tecseal.es web portal (hereinafter,the &#8220;Portal&#8221;) that TECSEAL,S.A. [&hellip;]\" \/>\n<meta property=\"og:url\" content=\"https:\/\/tecseal.es\/en\/aviso-legal\/\" \/>\n<meta property=\"og:site_name\" content=\"Tecseal\" \/>\n<meta property=\"article:modified_time\" content=\"2024-05-13T15:13:36+00:00\" \/>\n<meta name=\"twitter:card\" content=\"summary_large_image\" \/>\n<meta name=\"twitter:label1\" content=\"Est. reading time\" \/>\n\t<meta name=\"twitter:data1\" content=\"5 minutes\" \/>\n<script type=\"application\/ld+json\" class=\"yoast-schema-graph\">{\"@context\":\"https:\/\/schema.org\",\"@graph\":[{\"@type\":\"WebPage\",\"@id\":\"https:\/\/tecseal.es\/en\/aviso-legal\/\",\"url\":\"https:\/\/tecseal.es\/en\/aviso-legal\/\",\"name\":\"Legal Notice - Tecseal\",\"isPartOf\":{\"@id\":\"https:\/\/tecseal.es\/#website\"},\"datePublished\":\"2024-01-17T11:07:21+00:00\",\"dateModified\":\"2024-05-13T15:13:36+00:00\",\"breadcrumb\":{\"@id\":\"https:\/\/tecseal.es\/en\/aviso-legal\/#breadcrumb\"},\"inLanguage\":\"en-US\",\"potentialAction\":[{\"@type\":\"ReadAction\",\"target\":[\"https:\/\/tecseal.es\/en\/aviso-legal\/\"]}]},{\"@type\":\"BreadcrumbList\",\"@id\":\"https:\/\/tecseal.es\/en\/aviso-legal\/#breadcrumb\",\"itemListElement\":[{\"@type\":\"ListItem\",\"position\":1,\"name\":\"Portada\",\"item\":\"https:\/\/tecseal.es\/\"},{\"@type\":\"ListItem\",\"position\":2,\"name\":\"Legal Notice\"}]},{\"@type\":\"WebSite\",\"@id\":\"https:\/\/tecseal.es\/#website\",\"url\":\"https:\/\/tecseal.es\/\",\"name\":\"Tecseal\",\"description\":\"BURLETES DE ESTANQUIEDAD\",\"publisher\":{\"@id\":\"https:\/\/tecseal.es\/#organization\"},\"potentialAction\":[{\"@type\":\"SearchAction\",\"target\":{\"@type\":\"EntryPoint\",\"urlTemplate\":\"https:\/\/tecseal.es\/?s={search_term_string}\"},\"query-input\":{\"@type\":\"PropertyValueSpecification\",\"valueRequired\":true,\"valueName\":\"search_term_string\"}}],\"inLanguage\":\"en-US\"},{\"@type\":\"Organization\",\"@id\":\"https:\/\/tecseal.es\/#organization\",\"name\":\"Tecseal\",\"url\":\"https:\/\/tecseal.es\/\",\"logo\":{\"@type\":\"ImageObject\",\"inLanguage\":\"en-US\",\"@id\":\"https:\/\/tecseal.es\/#\/schema\/logo\/image\/\",\"url\":\"https:\/\/tecseal.es\/wp-content\/uploads\/2024\/01\/logo_tecseal.png\",\"contentUrl\":\"https:\/\/tecseal.es\/wp-content\/uploads\/2024\/01\/logo_tecseal.png\",\"width\":2695,\"height\":2695,\"caption\":\"Tecseal\"},\"image\":{\"@id\":\"https:\/\/tecseal.es\/#\/schema\/logo\/image\/\"}}]}<\/script>\n<!-- \/ Yoast SEO plugin. -->","yoast_head_json":{"title":"Legal Notice - Tecseal","robots":{"index":"index","follow":"follow","max-snippet":"max-snippet:-1","max-image-preview":"max-image-preview:large","max-video-preview":"max-video-preview:-1"},"canonical":"https:\/\/tecseal.es\/en\/aviso-legal\/","og_locale":"en_US","og_type":"article","og_title":"Legal Notice - Tecseal","og_description":"Legal Notice This legal notice (hereinafter, the &#8220;Notice&#8221;) regulates the use of the tecseal.es web portal (hereinafter,the &#8220;Portal&#8221;) that TECSEAL,S.A. [&hellip;]","og_url":"https:\/\/tecseal.es\/en\/aviso-legal\/","og_site_name":"Tecseal","article_modified_time":"2024-05-13T15:13:36+00:00","twitter_card":"summary_large_image","twitter_misc":{"Est. reading time":"5 minutes"},"schema":{"@context":"https:\/\/schema.org","@graph":[{"@type":"WebPage","@id":"https:\/\/tecseal.es\/en\/aviso-legal\/","url":"https:\/\/tecseal.es\/en\/aviso-legal\/","name":"Legal Notice - Tecseal","isPartOf":{"@id":"https:\/\/tecseal.es\/#website"},"datePublished":"2024-01-17T11:07:21+00:00","dateModified":"2024-05-13T15:13:36+00:00","breadcrumb":{"@id":"https:\/\/tecseal.es\/en\/aviso-legal\/#breadcrumb"},"inLanguage":"en-US","potentialAction":[{"@type":"ReadAction","target":["https:\/\/tecseal.es\/en\/aviso-legal\/"]}]},{"@type":"BreadcrumbList","@id":"https:\/\/tecseal.es\/en\/aviso-legal\/#breadcrumb","itemListElement":[{"@type":"ListItem","position":1,"name":"Portada","item":"https:\/\/tecseal.es\/"},{"@type":"ListItem","position":2,"name":"Legal Notice"}]},{"@type":"WebSite","@id":"https:\/\/tecseal.es\/#website","url":"https:\/\/tecseal.es\/","name":"Tecseal","description":"BURLETES DE ESTANQUIEDAD","publisher":{"@id":"https:\/\/tecseal.es\/#organization"},"potentialAction":[{"@type":"SearchAction","target":{"@type":"EntryPoint","urlTemplate":"https:\/\/tecseal.es\/?s={search_term_string}"},"query-input":{"@type":"PropertyValueSpecification","valueRequired":true,"valueName":"search_term_string"}}],"inLanguage":"en-US"},{"@type":"Organization","@id":"https:\/\/tecseal.es\/#organization","name":"Tecseal","url":"https:\/\/tecseal.es\/","logo":{"@type":"ImageObject","inLanguage":"en-US","@id":"https:\/\/tecseal.es\/#\/schema\/logo\/image\/","url":"https:\/\/tecseal.es\/wp-content\/uploads\/2024\/01\/logo_tecseal.png","contentUrl":"https:\/\/tecseal.es\/wp-content\/uploads\/2024\/01\/logo_tecseal.png","width":2695,"height":2695,"caption":"Tecseal"},"image":{"@id":"https:\/\/tecseal.es\/#\/schema\/logo\/image\/"}}]}},"_links":{"self":[{"href":"https:\/\/tecseal.es\/en\/wp-json\/wp\/v2\/pages\/782","targetHints":{"allow":["GET"]}}],"collection":[{"href":"https:\/\/tecseal.es\/en\/wp-json\/wp\/v2\/pages"}],"about":[{"href":"https:\/\/tecseal.es\/en\/wp-json\/wp\/v2\/types\/page"}],"author":[{"embeddable":true,"href":"https:\/\/tecseal.es\/en\/wp-json\/wp\/v2\/users\/1"}],"replies":[{"embeddable":true,"href":"https:\/\/tecseal.es\/en\/wp-json\/wp\/v2\/comments?post=782"}],"version-history":[{"count":10,"href":"https:\/\/tecseal.es\/en\/wp-json\/wp\/v2\/pages\/782\/revisions"}],"predecessor-version":[{"id":2368,"href":"https:\/\/tecseal.es\/en\/wp-json\/wp\/v2\/pages\/782\/revisions\/2368"}],"wp:attachment":[{"href":"https:\/\/tecseal.es\/en\/wp-json\/wp\/v2\/media?parent=782"}],"curies":[{"name":"wp","href":"https:\/\/api.w.org\/{rel}","templated":true}]}}